{"id":2148,"date":"2022-11-07T14:23:14","date_gmt":"2022-11-07T13:23:14","guid":{"rendered":"https:\/\/www.hotelwedina.de\/hotel\/timebar\/"},"modified":"2026-03-30T16:14:21","modified_gmt":"2026-03-30T14:14:21","slug":"timebar","status":"publish","type":"page","link":"https:\/\/www.hotelwedina.de\/en\/hotel\/timebar\/","title":{"rendered":"TimeBar"},"content":{"rendered":"<p>[et_pb_section fb_built=&#8221;1&#8243; fullwidth=&#8221;on&#8221; _builder_version=&#8221;4.18.1&#8243; _module_preset=&#8221;default&#8221; global_colors_info=&#8221;{}&#8221;][et_pb_fullwidth_header _builder_version=&#8221;4.22.1&#8243; _module_preset=&#8221;default&#8221; background_enable_color=&#8221;off&#8221; background_image=&#8221;https:\/\/www.hotelwedina.de\/wp-content\/uploads\/2022\/11\/Oeffentliche-Bereiche-HW-1201211441.jpg&#8221; min_height=&#8221;500px&#8221; height=&#8221;500px&#8221; max_height=&#8221;500px&#8221; global_colors_info=&#8221;{}&#8221;][\/et_pb_fullwidth_header][\/et_pb_section][et_pb_section fb_built=&#8221;1&#8243; _builder_version=&#8221;4.18.1&#8243; _module_preset=&#8221;default&#8221; custom_margin=&#8221;0px||0px||true|false&#8221; custom_padding=&#8221;0px||0px||true|false&#8221; global_colors_info=&#8221;{}&#8221;][et_pb_row _builder_version=&#8221;4.18.1&#8243; _module_preset=&#8221;default&#8221; custom_margin=&#8221;0px||0px||true|false&#8221; custom_padding=&#8221;0px||0px||true|false&#8221; global_colors_info=&#8221;{}&#8221;][et_pb_column type=&#8221;4_4&#8243; _builder_version=&#8221;4.18.1&#8243; _module_preset=&#8221;default&#8221; global_colors_info=&#8221;{}&#8221;][et_pb_text admin_label=&#8221;Button&#8221; module_class=&#8221;vertikal-zentrieren&#8221; _builder_version=&#8221;4.22.1&#8243; _module_preset=&#8221;default&#8221; header_3_font=&#8221;|||on|||||&#8221; header_3_text_align=&#8221;center&#8221; header_3_text_color=&#8221;#FFFFFF&#8221; header_3_font_size=&#8221;20px&#8221; header_3_letter_spacing=&#8221;2px&#8221; background_color=&#8221;#A58B67&#8243; transform_rotate=&#8221;0deg|0deg|340deg&#8221; text_orientation=&#8221;center&#8221; width=&#8221;175px&#8221; width_tablet=&#8221;175px&#8221; width_phone=&#8221;175px&#8221; width_last_edited=&#8221;on|tablet&#8221; max_width=&#8221;175px&#8221; module_alignment=&#8221;right&#8221; min_height=&#8221;175px&#8221; height=&#8221;175px&#8221; custom_margin=&#8221;-250px||||false|false&#8221; custom_margin_tablet=&#8221;||||false|false&#8221; custom_margin_phone=&#8221;-150px||||false|false&#8221; custom_margin_last_edited=&#8221;on|phone&#8221; module_alignment_tablet=&#8221;center&#8221; module_alignment_phone=&#8221;right&#8221; module_alignment_last_edited=&#8221;on|phone&#8221; border_radii=&#8221;on|1000px|1000px|1000px|1000px&#8221; global_colors_info=&#8221;{}&#8221;]<\/p>\n<h3><img loading=\"lazy\" decoding=\"async\" class=\"alignnone wp-image-88\" src=\"https:\/\/www.hotelwedina.de\/wp-content\/uploads\/2022\/09\/Bildmarke-Icon-weiss-HotelWedina-22-300px-e1668508645696-300x219.png\" alt=\"\" width=\"50\" height=\"36\" srcset=\"https:\/\/www.hotelwedina.de\/wp-content\/uploads\/2022\/09\/Bildmarke-Icon-weiss-HotelWedina-22-300px-e1668508645696-300x219.png 300w, https:\/\/www.hotelwedina.de\/wp-content\/uploads\/2022\/09\/Bildmarke-Icon-weiss-HotelWedina-22-300px-e1668508645696.png 302w\" sizes=\"(max-width: 50px) 100vw, 50px\" \/><br \/>Take your time<br \/><\/h3>\n<p>[\/et_pb_text][\/et_pb_column][\/et_pb_row][\/et_pb_section][et_pb_section fb_built=&#8221;1&#8243; _builder_version=&#8221;4.16&#8243; global_colors_info=&#8221;{}&#8221;][et_pb_row column_structure=&#8221;1_2,1_4,1_4&#8243; use_custom_gutter=&#8221;on&#8221; gutter_width=&#8221;2&#8243; admin_label=&#8221;Text + Bild&#8221; _builder_version=&#8221;4.18.1&#8243; background_size=&#8221;initial&#8221; background_position=&#8221;top_left&#8221; background_repeat=&#8221;repeat&#8221; global_colors_info=&#8221;{}&#8221;][et_pb_column type=&#8221;1_2&#8243; _builder_version=&#8221;4.18.1&#8243; _module_preset=&#8221;default&#8221; custom_padding=&#8221;|75px|||false|false&#8221; custom_padding_tablet=&#8221;|0px|||false|false&#8221; custom_padding_phone=&#8221;|0px|||false|false&#8221; custom_padding_last_edited=&#8221;on|phone&#8221; global_colors_info=&#8221;{}&#8221;][et_pb_text admin_label=&#8221;Titel&#8221; _builder_version=&#8221;4.19.2&#8243; _module_preset=&#8221;default&#8221; text_font=&#8221;Roboto Condensed||||||||&#8221; text_font_size=&#8221;15px&#8221; text_letter_spacing=&#8221;1px&#8221; header_font=&#8221;|||on|||||&#8221; header_font_size=&#8221;45px&#8221; header_2_font=&#8221;Roboto-C-light|||on|||||&#8221; header_2_font_size=&#8221;20px&#8221; header_font_size_tablet=&#8221;50px&#8221; header_font_size_phone=&#8221;32px&#8221; header_font_size_last_edited=&#8221;on|phone&#8221; header_2_font_size_tablet=&#8221;20px&#8221; header_2_font_size_phone=&#8221;18px&#8221; header_2_font_size_last_edited=&#8221;on|desktop&#8221; global_colors_info=&#8221;{}&#8221;]<\/p>\n<h2>Restaurant tip in Hamburg<\/h2>\n<h1>Time bar<\/h1>\n<p>[\/et_pb_text][et_pb_text admin_label=&#8221;Inhalt&#8221; _builder_version=&#8221;4.19.4&#8243; _module_preset=&#8221;default&#8221; text_font=&#8221;||||||||&#8221; text_letter_spacing=&#8221;1px&#8221; global_colors_info=&#8221;{}&#8221;]<\/p>\n<p>At Wedina, we also treat you to culinary delights. At our ZeitBar, we offer the finest flavors and unique delights. Whether it\u2019s a delicious breakfast in the morning, a relaxing afternoon coffee with exquisite cake, or dinner paired with creative drinks. And, of course, wonderful conversation.    Our ZeitBar is also perfect for events of all kinds, offering a view of our little green oasis right in the heart of Hamburg\u2014our garden. <\/p>\n<p><em>By the way: We source most of our products from regional suppliers and attach great importance to high quality and regionality. Take a look at our suppliers <a href=\"https:\/\/www.hotelwedina.de\/en\/suppliers\/\">here<\/a>. <\/em><\/p>\n<p>[\/et_pb_text][et_pb_button button_url=&#8221;https:\/\/www.hotelwedina.de\/wp-content\/uploads\/2025\/11\/Oktober2025_Speisekarte_ZeitBar.pdf&#8221; button_text=&#8221;ZeitBar Speisekarte &#8211; deutsch&#8221; admin_label=&#8221;Speisekarte &#8211; deutsch&#8221; _builder_version=&#8221;4.27.5&#8243; _module_preset=&#8221;default&#8221; custom_button=&#8221;on&#8221; button_text_size=&#8221;18px&#8221; button_border_width=&#8221;0px&#8221; button_font=&#8221;||||on||||&#8221; button_use_icon=&#8221;off&#8221; custom_padding=&#8221;0px|0px|0px|0px|false|false&#8221; hover_enabled=&#8221;0&#8243; global_colors_info=&#8221;{}&#8221; button_bg_color__hover_enabled=&#8221;on|hover&#8221; button_bg_color__hover=&#8221;#FFFFFF&#8221; button_bg_enable_color__hover=&#8221;on&#8221; sticky_enabled=&#8221;0&#8243; url_new_window=&#8221;on&#8221;][\/et_pb_button][et_pb_button button_url=&#8221;https:\/\/www.hotelwedina.de\/wp-content\/uploads\/2025\/11\/Oktober2025_Speisekarte_ZeitBar_englisch.pdf&#8221; button_text=&#8221;ZeitBar Speisekarte &#8211; englisch&#8221; admin_label=&#8221;Speisekarte &#8211; englisch&#8221; _builder_version=&#8221;4.27.5&#8243; _module_preset=&#8221;default&#8221; custom_button=&#8221;on&#8221; button_text_size=&#8221;18px&#8221; button_border_width=&#8221;0px&#8221; button_font=&#8221;||||on||||&#8221; button_use_icon=&#8221;off&#8221; custom_padding=&#8221;0px|0px|0px|0px|false|false&#8221; hover_enabled=&#8221;0&#8243; global_colors_info=&#8221;{}&#8221; button_bg_color__hover_enabled=&#8221;on|hover&#8221; button_bg_color__hover=&#8221;#FFFFFF&#8221; button_bg_enable_color__hover=&#8221;on&#8221; url_new_window=&#8221;on&#8221; sticky_enabled=&#8221;0&#8243;][\/et_pb_button][dmpro_carousel columns=&#8221;2&#8243; loop=&#8221;on&#8221; autoplay=&#8221;on&#8221; pagination=&#8221;on&#8221; centered=&#8221;off&#8221; columns_tablet=&#8221;2&#8243; columns_phone=&#8221;1&#8243; columns_last_edited=&#8221;on|phone&#8221; _builder_version=&#8221;4.19.4&#8243; _module_preset=&#8221;default&#8221; global_colors_info=&#8221;{}&#8221;][dmpro_carousel_child img_src=&#8221;https:\/\/www.hotelwedina.de\/wp-content\/uploads\/2023\/02\/230215_14_WEDINA_Fruehstueck.jpg&#8221; _builder_version=&#8221;4.19.4&#8243; _module_preset=&#8221;default&#8221; global_colors_info=&#8221;{}&#8221;][\/dmpro_carousel_child][dmpro_carousel_child img_src=&#8221;https:\/\/www.hotelwedina.de\/wp-content\/uploads\/2023\/02\/230215_13_WEDINA_Fruehstueck.jpg&#8221; _builder_version=&#8221;4.19.4&#8243; _module_preset=&#8221;default&#8221; global_colors_info=&#8221;{}&#8221;][\/dmpro_carousel_child][dmpro_carousel_child img_src=&#8221;https:\/\/www.hotelwedina.de\/wp-content\/uploads\/2023\/02\/230215_10_1_WEDINA_Bar.jpg&#8221; _builder_version=&#8221;4.19.4&#8243; _module_preset=&#8221;default&#8221; global_colors_info=&#8221;{}&#8221;][\/dmpro_carousel_child][dmpro_carousel_child img_src=&#8221;https:\/\/www.hotelwedina.de\/wp-content\/uploads\/2023\/02\/230215_15_WEDINA_Fruehstueck.jpg&#8221; _builder_version=&#8221;4.19.4&#8243; _module_preset=&#8221;default&#8221; global_colors_info=&#8221;{}&#8221;][\/dmpro_carousel_child][dmpro_carousel_child img_src=&#8221;https:\/\/www.hotelwedina.de\/wp-content\/uploads\/2023\/02\/230215_09_WEDINA_Bar.jpg&#8221; _builder_version=&#8221;4.19.4&#8243; _module_preset=&#8221;default&#8221; global_colors_info=&#8221;{}&#8221;][\/dmpro_carousel_child][dmpro_carousel_child img_src=&#8221;https:\/\/www.hotelwedina.de\/wp-content\/uploads\/2023\/02\/230215_15_WEDINA_Fruehstueck.jpg&#8221; _builder_version=&#8221;4.19.4&#8243; _module_preset=&#8221;default&#8221; global_colors_info=&#8221;{}&#8221;][\/dmpro_carousel_child][dmpro_carousel_child img_src=&#8221;https:\/\/www.hotelwedina.de\/wp-content\/uploads\/2023\/02\/230215_12_WEDINA_Bar.jpg&#8221; _builder_version=&#8221;4.19.4&#8243; _module_preset=&#8221;default&#8221; global_colors_info=&#8221;{}&#8221;][\/dmpro_carousel_child][dmpro_carousel_child img_src=&#8221;https:\/\/www.hotelwedina.de\/wp-content\/uploads\/2023\/02\/230215_08_WEDINA_Bar.jpg&#8221; _builder_version=&#8221;4.19.4&#8243; _module_preset=&#8221;default&#8221; global_colors_info=&#8221;{}&#8221;][\/dmpro_carousel_child][\/dmpro_carousel][dmpro_price_list _builder_version=&#8221;4.19.4&#8243; _module_preset=&#8221;default&#8221; global_colors_info=&#8221;{}&#8221;][\/dmpro_price_list][\/et_pb_column][et_pb_column type=&#8221;1_4&#8243; _builder_version=&#8221;4.18.0&#8243; _module_preset=&#8221;default&#8221; custom_padding=&#8221;||||false|false&#8221; global_colors_info=&#8221;{}&#8221;][et_pb_image src=&#8221;http:\/\/672011270630.hostingkunde.de\/wp-content\/uploads\/2022\/11\/Oeffentliche-Bereiche-HW-11201211366.jpg&#8221; title_text=&#8221;Oeffentliche-Bereiche-HW-11201211366&#8243; align=&#8221;center&#8221; module_class=&#8221;pa-image-3-4&#8243; _builder_version=&#8221;4.19.0&#8243; _module_preset=&#8221;default&#8221; max_width=&#8221;350px&#8221; module_alignment=&#8221;center&#8221; custom_margin=&#8221;75px||||false|false&#8221; custom_margin_tablet=&#8221;100px||||false|false&#8221; custom_margin_phone=&#8221;100px||||false|false&#8221; custom_margin_last_edited=&#8221;on|phone&#8221; global_colors_info=&#8221;{}&#8221;][\/et_pb_image][\/et_pb_column][et_pb_column type=&#8221;1_4&#8243; _builder_version=&#8221;4.18.0&#8243; _module_preset=&#8221;default&#8221; global_colors_info=&#8221;{}&#8221;][et_pb_image src=&#8221;http:\/\/672011270630.hostingkunde.de\/wp-content\/uploads\/2022\/11\/Oeffentliche-Bereiche-HW-11201211412.jpg&#8221; title_text=&#8221;Oeffentliche-Bereiche-HW-11201211412&#8243; module_class=&#8221;pa-image-3-4&#8243; _builder_version=&#8221;4.19.0&#8243; _module_preset=&#8221;default&#8221; max_width=&#8221;350px&#8221; custom_margin=&#8221;-25px||||false|false&#8221; custom_margin_tablet=&#8221;25px||||false|false&#8221; custom_margin_phone=&#8221;25px||||false|false&#8221; custom_margin_last_edited=&#8221;on|phone&#8221; global_colors_info=&#8221;{}&#8221;][\/et_pb_image][\/et_pb_column][\/et_pb_row][\/et_pb_section][et_pb_section fb_built=&#8221;1&#8243; _builder_version=&#8221;4.18.1&#8243; background_color=&#8221;#3C3A36&#8243; global_colors_info=&#8221;{}&#8221;][et_pb_row use_custom_gutter=&#8221;on&#8221; gutter_width=&#8221;2&#8243; admin_label=&#8221;Text + Bild&#8221; _builder_version=&#8221;4.18.1&#8243; background_size=&#8221;initial&#8221; background_position=&#8221;top_left&#8221; background_repeat=&#8221;repeat&#8221; global_colors_info=&#8221;{}&#8221;][et_pb_column type=&#8221;4_4&#8243; _builder_version=&#8221;4.18.0&#8243; _module_preset=&#8221;default&#8221; global_colors_info=&#8221;{}&#8221;][et_pb_text disabled_on=&#8221;on|off|off&#8221; admin_label=&#8221;Titel&#8221; _builder_version=&#8221;4.19.2&#8243; _module_preset=&#8221;default&#8221; text_font=&#8221;||||||||&#8221; text_text_color=&#8221;#FFFFFF&#8221; text_font_size=&#8221;15px&#8221; text_letter_spacing=&#8221;1px&#8221; header_font=&#8221;|||on|||||&#8221; header_text_color=&#8221;#FFFFFF&#8221; header_font_size=&#8221;40px&#8221; header_2_font=&#8221;||||||||&#8221; header_2_text_color=&#8221;#FFFFFF&#8221; header_2_font_size=&#8221;20px&#8221; header_font_size_tablet=&#8221;50px&#8221; header_font_size_phone=&#8221;32px&#8221; header_font_size_last_edited=&#8221;on|phone&#8221; header_2_font_size_tablet=&#8221;20px&#8221; header_2_font_size_phone=&#8221;18px&#8221; header_2_font_size_last_edited=&#8221;on|phone&#8221; global_colors_info=&#8221;{}&#8221;]<\/p>\n<h2>Discover more<\/h2>\n<h1>And what else?<\/h1>\n<p>[\/et_pb_text][et_pb_text disabled_on=&#8221;on|off|off&#8221; admin_label=&#8221;Button&#8221; module_class=&#8221;vertikal-zentrieren&#8221; _builder_version=&#8221;4.22.1&#8243; _module_preset=&#8221;default&#8221; header_3_font=&#8221;|||on|||||&#8221; header_3_text_align=&#8221;center&#8221; header_3_text_color=&#8221;#FFFFFF&#8221; header_3_font_size=&#8221;20px&#8221; header_3_letter_spacing=&#8221;2px&#8221; background_color=&#8221;#c73626&#8243; transform_rotate=&#8221;0deg|0deg|17deg&#8221; text_orientation=&#8221;center&#8221; width=&#8221;150px&#8221; width_tablet=&#8221;150px&#8221; width_phone=&#8221;150px&#8221; width_last_edited=&#8221;on|phone&#8221; max_width=&#8221;150px&#8221; module_alignment=&#8221;right&#8221; height=&#8221;150px&#8221; custom_margin=&#8221;-150px||||false|false&#8221; custom_margin_tablet=&#8221;||||false|false&#8221; custom_margin_phone=&#8221;-75px||||false|false&#8221; custom_margin_last_edited=&#8221;on|phone&#8221; module_alignment_tablet=&#8221;center&#8221; module_alignment_phone=&#8221;right&#8221; module_alignment_last_edited=&#8221;on|phone&#8221; border_radii=&#8221;on|1000px|1000px|1000px|1000px&#8221; global_colors_info=&#8221;{}&#8221;]<\/p>\n<h3><img loading=\"lazy\" decoding=\"async\" class=\"alignnone wp-image-88\" src=\"https:\/\/www.hotelwedina.de\/wp-content\/uploads\/2022\/09\/Bildmarke-Icon-weiss-HotelWedina-22-300px-e1668508645696-300x219.png\" alt=\"\" width=\"49\" height=\"36\" srcset=\"https:\/\/www.hotelwedina.de\/wp-content\/uploads\/2022\/09\/Bildmarke-Icon-weiss-HotelWedina-22-300px-e1668508645696-300x219.png 300w, https:\/\/www.hotelwedina.de\/wp-content\/uploads\/2022\/09\/Bildmarke-Icon-weiss-HotelWedina-22-300px-e1668508645696.png 302w\" sizes=\"(max-width: 49px) 100vw, 49px\" \/><\/h3>\n<h3>Time is<br \/>gold<\/h3>\n<p>[\/et_pb_text][dmpro_carousel columns=&#8221;3&#8243; space_between=&#8221;35&#8243; loop=&#8221;on&#8221; autoplay=&#8221;on&#8221; navigation=&#8221;on&#8221; pagination=&#8221;on&#8221; navigation_color=&#8221;#C59849&#8243; navigation_bg_color=&#8221;#FFFFFF&#8221; navigation_circle=&#8221;on&#8221; navigation_position_right=&#8221;-20px&#8221; columns_tablet=&#8221;2&#8243; columns_phone=&#8221;1&#8243; columns_last_edited=&#8221;on|phone&#8221; navigation_position_left_tablet=&#8221;&#8221; navigation_position_left_phone=&#8221;-20px&#8221; navigation_position_left_last_edited=&#8221;on|desktop&#8221; _builder_version=&#8221;4.22.1&#8243; _module_preset=&#8221;default&#8221; desc_text_color=&#8221;#FFFFFF&#8221; desc_font_size=&#8221;16px&#8221; desc_line_height=&#8221;1.5em&#8221; global_colors_info=&#8221;{}&#8221;][dmpro_carousel_child title=&#8221;Library&#8221; img_src=&#8221;https:\/\/www.hotelwedina.de\/wp-content\/uploads\/2022\/11\/Oeffentliche-Bereiche-HW-Bibliothek_1201211391.jpg&#8221; img_alt=&#8221;Unsere Bibliothek&#8221; text_title=&#8221;Unsere Bibliothek&#8221; desc_text=&#8221;<\/p>\n<p>\u00dcber 300 Literaturwerke zeitgen\u00f6ssischer Schriftsteller f\u00fcllen die hauseigene Bibliothek. Zeit zum Schm\u00f6kern und lesen.<\/p>\n<p>&#8221; _builder_version=&#8221;4.22.1&#8243; _dynamic_attributes=&#8221;link_option_url&#8221; _module_preset=&#8221;default&#8221; title_level=&#8221;h3&#8243; title_text_color=&#8221;#FFFFFF&#8221; title_font_size=&#8221;25px&#8221; link_option_url=&#8221;@ET-DC@eyJkeW5hbWljIjp0cnVlLCJjb250ZW50IjoicG9zdF9saW5rX3VybF9wYWdlIiwic2V0dGluZ3MiOnsicG9zdF9pZCI6IjMyMCIsImVuYWJsZV9odG1sIjoib2ZmIn19@&#8221; global_colors_info=&#8221;{}&#8221;][\/dmpro_carousel_child][dmpro_carousel_child title=&#8221;Garden&#8221; img_src=&#8221;https:\/\/www.hotelwedina.de\/wp-content\/uploads\/2022\/11\/Oeffentliche-Bereiche-HW-Garten-4.jpg&#8221; img_alt=&#8221;Unser Garten&#8221; text_title=&#8221;Unser Garten&#8221; desc_text=&#8221;<\/p>\n<p>Die gr\u00fcne Stadtoase: Liebevoll mit viel gr\u00fcn gestaltet, genie\u00dfen Sie im gr\u00fcnen Garten einen Kaffee oder lesen ein Buch.<\/p>\n<p>&#8221; _builder_version=&#8221;4.22.1&#8243; _dynamic_attributes=&#8221;link_option_url&#8221; _module_preset=&#8221;default&#8221; title_level=&#8221;h3&#8243; title_text_color=&#8221;#FFFFFF&#8221; title_font_size=&#8221;25px&#8221; link_option_url=&#8221;@ET-DC@eyJkeW5hbWljIjp0cnVlLCJjb250ZW50IjoicG9zdF9saW5rX3VybF9wYWdlIiwic2V0dGluZ3MiOnsicG9zdF9pZCI6IjMxNiIsImVuYWJsZV9odG1sIjoib2ZmIn19@&#8221; global_colors_info=&#8221;{}&#8221;][\/dmpro_carousel_child][dmpro_carousel_child title=&#8221;TimeBar&#8221; img_src=&#8221;https:\/\/www.hotelwedina.de\/wp-content\/uploads\/2022\/11\/Oeffentliche-Bereiche-HW-11201211366.jpg&#8221; img_alt=&#8221;ZeitBar&#8221; text_title=&#8221;ZeitBar&#8221; desc_text=&#8221;<\/p>\n<p>Beste Geschmacksmomente. Ob leckeres Fr\u00fchst\u00fcck am Morgen, Kaffee am Nachmittag oder Dinner mit kreativen Drinks.<\/p>\n<p>&#8221; _builder_version=&#8221;4.22.1&#8243; _dynamic_attributes=&#8221;link_option_url&#8221; _module_preset=&#8221;default&#8221; title_level=&#8221;h3&#8243; title_text_color=&#8221;#FFFFFF&#8221; title_font_size=&#8221;25px&#8221; link_option_url=&#8221;@ET-DC@eyJkeW5hbWljIjp0cnVlLCJjb250ZW50IjoicG9zdF9saW5rX3VybF9wYWdlIiwic2V0dGluZ3MiOnsicG9zdF9pZCI6IjMyNCIsImVuYWJsZV9odG1sIjoib2ZmIn19@&#8221; global_colors_info=&#8221;{}&#8221;][\/dmpro_carousel_child][dmpro_carousel_child title=&#8221;Room&#8221; img_src=&#8221;https:\/\/www.hotelwedina.de\/wp-content\/uploads\/2022\/11\/Apartment_Junior-Suite_Wedina_Gruenes-Haus_0125.jpg&#8221; img_alt=&#8221;Unsere Zimmer&#8221; text_title=&#8221;Unsere Zimmer&#8221; desc_text=&#8221;<\/p>\n<p>Von kuscheligen Einzelzimmer \u00fcber gem\u00fctliche Doppelzimmer mit Gartenblick bis hin zu den Apartments f\u00fcr jeden etwas dabei.<\/p>\n<p>&#8221; _builder_version=&#8221;4.22.1&#8243; _dynamic_attributes=&#8221;link_option_url&#8221; _module_preset=&#8221;default&#8221; title_level=&#8221;h3&#8243; title_text_color=&#8221;#FFFFFF&#8221; title_font_size=&#8221;25px&#8221; link_option_url=&#8221;@ET-DC@eyJkeW5hbWljIjp0cnVlLCJjb250ZW50IjoicG9zdF9saW5rX3VybF9wYWdlIiwic2V0dGluZ3MiOnsicG9zdF9pZCI6IjMyNCIsImVuYWJsZV9odG1sIjoib2ZmIn19@&#8221; global_colors_info=&#8221;{}&#8221;][\/dmpro_carousel_child][\/dmpro_carousel][\/et_pb_column][\/et_pb_row][\/et_pb_section][et_pb_section fb_built=&#8221;1&#8243; _builder_version=&#8221;4.18.1&#8243; _module_preset=&#8221;default&#8221; background_color=&#8221;#f2ede6&#8243; custom_margin=&#8221;0px||0px||false|false&#8221; custom_padding=&#8221;0px||0px||false|false&#8221; global_colors_info=&#8221;{}&#8221;][et_pb_row _builder_version=&#8221;4.18.1&#8243; _module_preset=&#8221;default&#8221; global_colors_info=&#8221;{}&#8221;][et_pb_column type=&#8221;4_4&#8243; _builder_version=&#8221;4.18.1&#8243; _module_preset=&#8221;default&#8221; global_colors_info=&#8221;{}&#8221;][et_pb_text _builder_version=&#8221;4.22.1&#8243; _module_preset=&#8221;default&#8221; header_3_font=&#8221;|||on|||||&#8221; header_3_text_align=&#8221;center&#8221; header_3_text_color=&#8221;#C59849&#8243; header_3_font_size=&#8221;35px&#8221; header_3_letter_spacing=&#8221;3px&#8221; custom_margin=&#8221;||4px|||&#8221; global_colors_info=&#8221;{}&#8221;]<\/p>\n<h3>The wine crept between the bowls and flowers, shook its golden wings and placed colorful wallpaper between the world and the guests.<\/h3>\n<p>[\/et_pb_text][et_pb_text _builder_version=&#8221;4.22.1&#8243; _module_preset=&#8221;default&#8221; text_orientation=&#8221;center&#8221; global_colors_info=&#8221;{}&#8221;]<\/p>\n<p>&#8221; Novalis<\/p>\n<p>[\/et_pb_text][\/et_pb_column][\/et_pb_row][\/et_pb_section]<\/p>\n","protected":false},"excerpt":{"rendered":"<p>Take your timeRestaurant tip in Hamburg Time barAt Wedina, we also treat you to culinary delights. At our ZeitBar, we offer the finest flavors and unique delights. Whether it\u2019s a delicious breakfast in the morning, a relaxing afternoon coffee with exquisite cake, or dinner paired with creative drinks. And, of course, wonderful conversation. Our ZeitBar [&hellip;]<\/p>\n","protected":false},"author":1,"featured_media":0,"parent":2134,"menu_order":0,"comment_status":"closed","ping_status":"closed","template":"","meta":{"_et_pb_use_builder":"on","_et_pb_old_content":"","_et_gb_content_width":"","footnotes":""},"class_list":["post-2148","page","type-page","status-publish","hentry"],"_links":{"self":[{"href":"https:\/\/www.hotelwedina.de\/en\/wp-json\/wp\/v2\/pages\/2148","targetHints":{"allow":["GET"]}}],"collection":[{"href":"https:\/\/www.hotelwedina.de\/en\/wp-json\/wp\/v2\/pages"}],"about":[{"href":"https:\/\/www.hotelwedina.de\/en\/wp-json\/wp\/v2\/types\/page"}],"author":[{"embeddable":true,"href":"https:\/\/www.hotelwedina.de\/en\/wp-json\/wp\/v2\/users\/1"}],"replies":[{"embeddable":true,"href":"https:\/\/www.hotelwedina.de\/en\/wp-json\/wp\/v2\/comments?post=2148"}],"version-history":[{"count":15,"href":"https:\/\/www.hotelwedina.de\/en\/wp-json\/wp\/v2\/pages\/2148\/revisions"}],"predecessor-version":[{"id":4078,"href":"https:\/\/www.hotelwedina.de\/en\/wp-json\/wp\/v2\/pages\/2148\/revisions\/4078"}],"up":[{"embeddable":true,"href":"https:\/\/www.hotelwedina.de\/en\/wp-json\/wp\/v2\/pages\/2134"}],"wp:attachment":[{"href":"https:\/\/www.hotelwedina.de\/en\/wp-json\/wp\/v2\/media?parent=2148"}],"curies":[{"name":"wp","href":"https:\/\/api.w.org\/{rel}","templated":true}]}}