{"id":2138,"date":"2022-11-07T14:02:45","date_gmt":"2022-11-07T13:02:45","guid":{"rendered":"https:\/\/www.hotelwedina.de\/hotel\/literature-hotel\/"},"modified":"2026-03-27T16:07:30","modified_gmt":"2026-03-27T15:07:30","slug":"literature-hotel","status":"publish","type":"page","link":"https:\/\/www.hotelwedina.de\/en\/hotel\/literature-hotel\/","title":{"rendered":"Literature Hotel"},"content":{"rendered":"<p>[et_pb_section fb_built=&#8221;1&#8243; fullwidth=&#8221;on&#8221; _builder_version=&#8221;4.18.1&#8243; _module_preset=&#8221;default&#8221; global_colors_info=&#8221;{}&#8221;][et_pb_fullwidth_header _builder_version=&#8221;4.22.1&#8243; _module_preset=&#8221;default&#8221; background_enable_color=&#8221;off&#8221; background_image=&#8221;https:\/\/www.hotelwedina.de\/wp-content\/uploads\/2022\/11\/Oeffentliche-Bereiche-HW-Rezeption_1201211538.jpg&#8221; min_height=&#8221;500px&#8221; height=&#8221;500px&#8221; max_height=&#8221;500px&#8221; global_colors_info=&#8221;{}&#8221;][\/et_pb_fullwidth_header][\/et_pb_section][et_pb_section fb_built=&#8221;1&#8243; _builder_version=&#8221;4.18.1&#8243; _module_preset=&#8221;default&#8221; custom_margin=&#8221;0px||0px||false|false&#8221; custom_padding=&#8221;0px||0px||false|false&#8221; global_colors_info=&#8221;{}&#8221;][et_pb_row _builder_version=&#8221;4.18.1&#8243; _module_preset=&#8221;default&#8221; custom_margin=&#8221;0px||0px||false|false&#8221; custom_padding=&#8221;0px||0px||false|false&#8221; global_colors_info=&#8221;{}&#8221;][et_pb_column type=&#8221;4_4&#8243; _builder_version=&#8221;4.18.1&#8243; _module_preset=&#8221;default&#8221; global_colors_info=&#8221;{}&#8221;][et_pb_text admin_label=&#8221;Button&#8221; module_class=&#8221;vertikal-zentrieren&#8221; _builder_version=&#8221;4.22.1&#8243; _module_preset=&#8221;default&#8221; header_3_font=&#8221;|||on|||||&#8221; header_3_text_align=&#8221;center&#8221; header_3_text_color=&#8221;#FFFFFF&#8221; header_3_font_size=&#8221;23px&#8221; header_3_letter_spacing=&#8221;2px&#8221; background_color=&#8221;#A58B67&#8243; transform_rotate=&#8221;0deg|0deg|340deg&#8221; text_orientation=&#8221;center&#8221; width=&#8221;175px&#8221; width_tablet=&#8221;150px&#8221; width_phone=&#8221;175px&#8221; width_last_edited=&#8221;on|phone&#8221; max_width=&#8221;175px&#8221; module_alignment=&#8221;right&#8221; min_height=&#8221;175px&#8221; height=&#8221;175px&#8221; custom_margin=&#8221;-250px||||false|false&#8221; custom_margin_tablet=&#8221;||||false|false&#8221; custom_margin_phone=&#8221;-75px||||false|false&#8221; custom_margin_last_edited=&#8221;on|phone&#8221; module_alignment_tablet=&#8221;center&#8221; module_alignment_phone=&#8221;right&#8221; module_alignment_last_edited=&#8221;on|phone&#8221; border_radii=&#8221;on|1000px|1000px|1000px|1000px&#8221; global_colors_info=&#8221;{}&#8221;]<\/p>\n<h3><img loading=\"lazy\" decoding=\"async\" class=\"alignnone wp-image-88\" src=\"https:\/\/www.hotelwedina.de\/wp-content\/uploads\/2022\/09\/Bildmarke-Icon-weiss-HotelWedina-22-300px-e1668508645696-300x219.png\" alt=\"\" width=\"50\" height=\"36\" srcset=\"https:\/\/www.hotelwedina.de\/wp-content\/uploads\/2022\/09\/Bildmarke-Icon-weiss-HotelWedina-22-300px-e1668508645696-300x219.png 300w, https:\/\/www.hotelwedina.de\/wp-content\/uploads\/2022\/09\/Bildmarke-Icon-weiss-HotelWedina-22-300px-e1668508645696.png 302w\" sizes=\"(max-width: 50px) 100vw, 50px\" \/><br \/>TIME<br \/>TO BE<\/h3>\n<p>[\/et_pb_text][\/et_pb_column][\/et_pb_row][\/et_pb_section][et_pb_section fb_built=&#8221;1&#8243; _builder_version=&#8221;4.16&#8243; global_colors_info=&#8221;{}&#8221;][et_pb_row column_structure=&#8221;1_2,1_4,1_4&#8243; use_custom_gutter=&#8221;on&#8221; gutter_width=&#8221;2&#8243; admin_label=&#8221;Text + Bild&#8221; _builder_version=&#8221;4.19.0&#8243; background_size=&#8221;initial&#8221; background_position=&#8221;top_left&#8221; background_repeat=&#8221;repeat&#8221; global_colors_info=&#8221;{}&#8221;][et_pb_column type=&#8221;1_2&#8243; _builder_version=&#8221;4.18.1&#8243; _module_preset=&#8221;default&#8221; custom_padding=&#8221;|75px|||false|false&#8221; custom_padding_tablet=&#8221;|0px|||false|false&#8221; custom_padding_phone=&#8221;|0px|||false|false&#8221; custom_padding_last_edited=&#8221;on|desktop&#8221; global_colors_info=&#8221;{}&#8221;][et_pb_text admin_label=&#8221;Titel&#8221; _builder_version=&#8221;4.19.0&#8243; _module_preset=&#8221;default&#8221; text_font=&#8221;||||||||&#8221; text_letter_spacing=&#8221;1px&#8221; header_font=&#8221;|||on|||||&#8221; header_font_size=&#8221;45px&#8221; header_2_font=&#8221;|||on|||||&#8221; header_2_font_size=&#8221;20px&#8221; header_font_size_tablet=&#8221;50px&#8221; header_font_size_phone=&#8221;32px&#8221; header_font_size_last_edited=&#8221;on|phone&#8221; header_2_font_size_tablet=&#8221;20px&#8221; header_2_font_size_phone=&#8221;18px&#8221; header_2_font_size_last_edited=&#8221;on|phone&#8221; global_colors_info=&#8221;{}&#8221;]<\/p>\n<h2>Literature Hotel Wedina<\/h2>\n<h1>About us<\/h1>\n<p>[\/et_pb_text][et_pb_text admin_label=&#8221;Inhalt&#8221; _builder_version=&#8221;4.19.2&#8243; _module_preset=&#8221;default&#8221; text_font=&#8221;||||||||&#8221; text_letter_spacing=&#8221;1px&#8221; header_font_size=&#8221;50px&#8221; header_2_font_size=&#8221;20px&#8221; header_font_size_tablet=&#8221;50px&#8221; header_font_size_phone=&#8221;32px&#8221; header_font_size_last_edited=&#8221;on|phone&#8221; header_2_font_size_tablet=&#8221;20px&#8221; header_2_font_size_phone=&#8221;18px&#8221; header_2_font_size_last_edited=&#8221;on|phone&#8221; global_colors_info=&#8221;{}&#8221;]<\/p>\n<p>The Literaturhotel Wedina is located in the middle of Hamburg&#8217;s nightlife district St. Georg, only a short distance from the most important cultural institutions and only 10 minutes from the Literaturhaus Hamburg. The passion for literature is reflected in everything we do &amp; our arrangements.<\/p>\n<p>Beyond the enjoyment of art, you will find peace and relaxation in our lovingly designed and modern rooms, in the hotel&#8217;s own garden or on the Outer Alster around the corner. Perfect for a short vacation or a cultural trip of a very special kind.<\/p>\n<p>The Hotel Wedina consists of four buildings accented with different colors and is individually and thematically decorated. What they all have in common is a passion for exclusivity and high arts. This is evident not only in the architecture, but also in the structural creativity and in each lovingly designed room.<\/p>\n<p>[\/et_pb_text][et_pb_button button_url=&#8221;@ET-DC@eyJkeW5hbWljIjp0cnVlLCJjb250ZW50IjoicG9zdF9saW5rX3VybF9wYWdlIiwic2V0dGluZ3MiOnsicG9zdF9pZCI6IjEzNzMiLCJlbmFibGVfaHRtbCI6Im9mZiJ9fQ==@&#8221; button_text=&#8221;mehr \u00fcber die H\u00e4user erfahren&#8221; _builder_version=&#8221;4.19.2&#8243; _dynamic_attributes=&#8221;button_url&#8221; _module_preset=&#8221;default&#8221; custom_button=&#8221;on&#8221; button_text_size=&#8221;15px&#8221; button_text_color=&#8221;#3C3A36&#8243; button_bg_color=&#8221;#FFFFFF&#8221; button_border_width=&#8221;1px&#8221; button_border_color=&#8221;#A58B67&#8243; button_border_radius=&#8221;0px&#8221; button_font=&#8221;|||on|||||&#8221; button_use_icon=&#8221;off&#8221; global_colors_info=&#8221;{}&#8221; button_border_color__hover_enabled=&#8221;on|hover&#8221; button_border_color__hover=&#8221;#A58B67&#8243; button_bg_color__hover_enabled=&#8221;on|hover&#8221; button_bg_color__hover=&#8221;#A58B67&#8243; button_bg_enable_color__hover=&#8221;on&#8221; button_text_color__hover_enabled=&#8221;on|hover&#8221; button_text_color__hover=&#8221;#FFFFFF&#8221;][\/et_pb_button][\/et_pb_column][et_pb_column type=&#8221;1_4&#8243; _builder_version=&#8221;4.18.0&#8243; _module_preset=&#8221;default&#8221; custom_padding=&#8221;||||false|false&#8221; global_colors_info=&#8221;{}&#8221;][et_pb_image src=&#8221;http:\/\/672011270630.hostingkunde.de\/wp-content\/uploads\/2022\/11\/Oeffentliche-Bereiche-HW-Bibliothek_1201211391.jpg&#8221; title_text=&#8221;Oeffentliche-Bereiche-HW-Bibliothek_1201211391&#8243; align=&#8221;center&#8221; module_class=&#8221;pa-image-3-4&#8243; _builder_version=&#8221;4.19.0&#8243; _module_preset=&#8221;default&#8221; max_width=&#8221;350px&#8221; module_alignment=&#8221;center&#8221; custom_margin=&#8221;75px||||false|false&#8221; custom_margin_tablet=&#8221;100px||||false|false&#8221; custom_margin_phone=&#8221;100px||||false|false&#8221; custom_margin_last_edited=&#8221;on|phone&#8221; global_colors_info=&#8221;{}&#8221;][\/et_pb_image][\/et_pb_column][et_pb_column type=&#8221;1_4&#8243; _builder_version=&#8221;4.18.0&#8243; _module_preset=&#8221;default&#8221; global_colors_info=&#8221;{}&#8221;][et_pb_image src=&#8221;http:\/\/672011270630.hostingkunde.de\/wp-content\/uploads\/2022\/11\/Budget-Wedina_Doppelzimmer-Budget-Gartenblick_131.jpg&#8221; title_text=&#8221;Budget-Wedina_Doppelzimmer-Budget-Gartenblick_131&#8243; module_class=&#8221;pa-image-2-3&#8243; _builder_version=&#8221;4.19.0&#8243; _module_preset=&#8221;default&#8221; max_width=&#8221;350px&#8221; custom_margin=&#8221;-25px||||false|false&#8221; custom_margin_tablet=&#8221;25px||||false|false&#8221; custom_margin_phone=&#8221;25px||||false|false&#8221; custom_margin_last_edited=&#8221;on|phone&#8221; global_colors_info=&#8221;{}&#8221;][\/et_pb_image][\/et_pb_column][\/et_pb_row][\/et_pb_section][et_pb_section fb_built=&#8221;1&#8243; _builder_version=&#8221;4.18.1&#8243; background_color=&#8221;#3C3A36&#8243; global_colors_info=&#8221;{}&#8221;][et_pb_row use_custom_gutter=&#8221;on&#8221; gutter_width=&#8221;2&#8243; admin_label=&#8221;Text + Bild&#8221; _builder_version=&#8221;4.19.2&#8243; background_size=&#8221;initial&#8221; background_position=&#8221;top_left&#8221; background_repeat=&#8221;repeat&#8221; global_colors_info=&#8221;{}&#8221;][et_pb_column type=&#8221;4_4&#8243; _builder_version=&#8221;4.18.0&#8243; _module_preset=&#8221;default&#8221; global_colors_info=&#8221;{}&#8221;][et_pb_text admin_label=&#8221;Titel&#8221; _builder_version=&#8221;4.19.0&#8243; _module_preset=&#8221;default&#8221; text_font=&#8221;||||||||&#8221; text_text_color=&#8221;#FFFFFF&#8221; text_font_size=&#8221;15px&#8221; text_letter_spacing=&#8221;1px&#8221; header_font=&#8221;|||on|||||&#8221; header_text_color=&#8221;#FFFFFF&#8221; header_font_size=&#8221;40px&#8221; header_2_font=&#8221;|||on|||||&#8221; header_2_text_color=&#8221;#FFFFFF&#8221; header_2_font_size=&#8221;20px&#8221; header_font_size_tablet=&#8221;50px&#8221; header_font_size_phone=&#8221;32px&#8221; header_font_size_last_edited=&#8221;on|phone&#8221; header_2_font_size_tablet=&#8221;20px&#8221; header_2_font_size_phone=&#8221;18px&#8221; header_2_font_size_last_edited=&#8221;on|phone&#8221; global_colors_info=&#8221;{}&#8221;]<\/p>\n<h2>Discover more<\/h2>\n<h1>And what else?<\/h1>\n<p>[\/et_pb_text][et_pb_text disabled_on=&#8221;on|off|off&#8221; admin_label=&#8221;Button&#8221; module_class=&#8221;vertikal-zentrieren&#8221; _builder_version=&#8221;4.22.1&#8243; _module_preset=&#8221;default&#8221; header_3_font=&#8221;|||on|||||&#8221; header_3_text_align=&#8221;center&#8221; header_3_text_color=&#8221;#FFFFFF&#8221; header_3_font_size=&#8221;23px&#8221; header_3_letter_spacing=&#8221;2px&#8221; background_color=&#8221;#99BC65&#8243; transform_rotate=&#8221;0deg|0deg|12deg&#8221; text_orientation=&#8221;center&#8221; width=&#8221;150px&#8221; width_tablet=&#8221;150px&#8221; width_phone=&#8221;150px&#8221; width_last_edited=&#8221;on|phone&#8221; max_width=&#8221;150px&#8221; module_alignment=&#8221;right&#8221; height=&#8221;150px&#8221; custom_margin=&#8221;-150px||||false|false&#8221; custom_margin_tablet=&#8221;||||false|false&#8221; custom_margin_phone=&#8221;-75px||||false|false&#8221; custom_margin_last_edited=&#8221;on|phone&#8221; module_alignment_tablet=&#8221;center&#8221; module_alignment_phone=&#8221;right&#8221; module_alignment_last_edited=&#8221;on|phone&#8221; border_radii=&#8221;on|1000px|1000px|1000px|1000px&#8221; global_colors_info=&#8221;{}&#8221; transform_styles__hover_enabled=&#8221;on|hover&#8221; transform_scale__hover_enabled=&#8221;on|desktop&#8221; transform_translate__hover_enabled=&#8221;on|desktop&#8221; transform_rotate__hover_enabled=&#8221;on|hover&#8221; transform_skew__hover_enabled=&#8221;on|desktop&#8221; transform_origin__hover_enabled=&#8221;on|desktop&#8221; transform_rotate__hover=&#8221;0deg|0deg|325deg&#8221;]<\/p>\n<h3><img loading=\"lazy\" decoding=\"async\" class=\"alignnone wp-image-88\" src=\"https:\/\/www.hotelwedina.de\/wp-content\/uploads\/2022\/09\/Bildmarke-Icon-weiss-HotelWedina-22-300px-e1668508645696-300x219.png\" alt=\"\" width=\"50\" height=\"36\" srcset=\"https:\/\/www.hotelwedina.de\/wp-content\/uploads\/2022\/09\/Bildmarke-Icon-weiss-HotelWedina-22-300px-e1668508645696-300x219.png 300w, https:\/\/www.hotelwedina.de\/wp-content\/uploads\/2022\/09\/Bildmarke-Icon-weiss-HotelWedina-22-300px-e1668508645696.png 302w\" sizes=\"(max-width: 50px) 100vw, 50px\" \/><br \/>Hotel<br \/>Wedina<\/h3>\n<p>[\/et_pb_text][dmpro_carousel columns=&#8221;3&#8243; space_between=&#8221;35&#8243; loop=&#8221;on&#8221; autoplay=&#8221;on&#8221; navigation=&#8221;on&#8221; pagination=&#8221;on&#8221; navigation_color=&#8221;#C59849&#8243; navigation_bg_color=&#8221;#FFFFFF&#8221; navigation_circle=&#8221;on&#8221; columns_tablet=&#8221;2&#8243; columns_phone=&#8221;1&#8243; columns_last_edited=&#8221;on|phone&#8221; space_between_tablet=&#8221;35&#8243; space_between_phone=&#8221;10&#8243; space_between_last_edited=&#8221;on|phone&#8221; navigation_position_left_tablet=&#8221;&#8221; navigation_position_left_phone=&#8221;-20px&#8221; navigation_position_left_last_edited=&#8221;on|phone&#8221; navigation_position_right_tablet=&#8221;&#8221; navigation_position_right_phone=&#8221;-20px&#8221; navigation_position_right_last_edited=&#8221;on|phone&#8221; _builder_version=&#8221;4.22.1&#8243; _module_preset=&#8221;default&#8221; desc_text_color=&#8221;#FFFFFF&#8221; desc_font_size=&#8221;16px&#8221; desc_line_height=&#8221;1.5em&#8221; width_tablet=&#8221;&#8221; width_phone=&#8221;100%&#8221; width_last_edited=&#8221;on|phone&#8221; module_alignment=&#8221;center&#8221; global_colors_info=&#8221;{}&#8221;][dmpro_carousel_child title=&#8221;Library&#8221; img_src=&#8221;https:\/\/www.hotelwedina.de\/wp-content\/uploads\/2022\/11\/Oeffentliche-Bereiche-HW-Bibliothek_1201211391.jpg&#8221; img_alt=&#8221;Unsere Bibliothek&#8221; text_title=&#8221;Unsere Bibliothek&#8221; desc_text=&#8221;<\/p>\n<p>\u00dcber 300 Literaturwerke zeitgen\u00f6ssischer Schriftsteller f\u00fcllen die hauseigene Bibliothek. Zeit zum Schm\u00f6kern und lesen.<\/p>\n<p>&#8221; _builder_version=&#8221;4.22.1&#8243; _dynamic_attributes=&#8221;link_option_url&#8221; _module_preset=&#8221;default&#8221; title_level=&#8221;h3&#8243; title_text_color=&#8221;#FFFFFF&#8221; title_font_size=&#8221;25px&#8221; link_option_url=&#8221;@ET-DC@eyJkeW5hbWljIjp0cnVlLCJjb250ZW50IjoicG9zdF9saW5rX3VybF9wYWdlIiwic2V0dGluZ3MiOnsicG9zdF9pZCI6IjMyMCIsImVuYWJsZV9odG1sIjoib2ZmIn19@&#8221; global_colors_info=&#8221;{}&#8221;][\/dmpro_carousel_child][dmpro_carousel_child title=&#8221;Garden&#8221; img_src=&#8221;https:\/\/www.hotelwedina.de\/wp-content\/uploads\/2022\/11\/Oeffentliche-Bereiche-HW-Garten-4.jpg&#8221; img_alt=&#8221;Unser Garten&#8221; text_title=&#8221;Unser Garten&#8221; desc_text=&#8221;<\/p>\n<p>Die gr\u00fcne Stadtoase: Liebevoll mit viel gr\u00fcn gestaltet, genie\u00dfen Sie im gr\u00fcnen Garten einen Kaffee oder lesen ein Buch.<\/p>\n<p>&#8221; _builder_version=&#8221;4.22.1&#8243; _dynamic_attributes=&#8221;link_option_url&#8221; _module_preset=&#8221;default&#8221; title_level=&#8221;h3&#8243; title_text_color=&#8221;#FFFFFF&#8221; title_font_size=&#8221;25px&#8221; link_option_url=&#8221;@ET-DC@eyJkeW5hbWljIjp0cnVlLCJjb250ZW50IjoicG9zdF9saW5rX3VybF9wYWdlIiwic2V0dGluZ3MiOnsicG9zdF9pZCI6IjMxNiIsImVuYWJsZV9odG1sIjoib2ZmIn19@&#8221; global_colors_info=&#8221;{}&#8221;][\/dmpro_carousel_child][dmpro_carousel_child title=&#8221;TimeBar&#8221; img_src=&#8221;https:\/\/www.hotelwedina.de\/wp-content\/uploads\/2022\/11\/Oeffentliche-Bereiche-HW-11201211366.jpg&#8221; img_alt=&#8221;ZeitBar&#8221; text_title=&#8221;ZeitBar&#8221; desc_text=&#8221;<\/p>\n<p>Beste Geschmacksmomente. Ob leckeres Fr\u00fchst\u00fcck am Morgen, Kaffee am Nachmittag oder Dinner mit kreativen Drinks.<\/p>\n<p>&#8221; _builder_version=&#8221;4.22.1&#8243; _dynamic_attributes=&#8221;link_option_url&#8221; _module_preset=&#8221;default&#8221; title_level=&#8221;h3&#8243; title_text_color=&#8221;#FFFFFF&#8221; title_font_size=&#8221;25px&#8221; link_option_url=&#8221;@ET-DC@eyJkeW5hbWljIjp0cnVlLCJjb250ZW50IjoicG9zdF9saW5rX3VybF9wYWdlIiwic2V0dGluZ3MiOnsicG9zdF9pZCI6IjMyNCIsImVuYWJsZV9odG1sIjoib2ZmIn19@&#8221; global_colors_info=&#8221;{}&#8221;][\/dmpro_carousel_child][dmpro_carousel_child title=&#8221;Room&#8221; img_src=&#8221;https:\/\/www.hotelwedina.de\/wp-content\/uploads\/2022\/11\/Apartment_Junior-Suite_Wedina_Gruenes-Haus_0125.jpg&#8221; img_alt=&#8221;Unsere Zimmer&#8221; text_title=&#8221;Unsere Zimmer&#8221; desc_text=&#8221;<\/p>\n<p>Von kuscheligen Einzelzimmer \u00fcber gem\u00fctliche Doppelzimmer mit Gartenblick bis hin zu den Apartments f\u00fcr jeden etwas dabei.<\/p>\n<p>&#8221; _builder_version=&#8221;4.22.1&#8243; _dynamic_attributes=&#8221;link_option_url&#8221; _module_preset=&#8221;default&#8221; title_level=&#8221;h3&#8243; title_text_color=&#8221;#FFFFFF&#8221; title_font_size=&#8221;25px&#8221; link_option_url=&#8221;@ET-DC@eyJkeW5hbWljIjp0cnVlLCJjb250ZW50IjoicG9zdF9saW5rX3VybF9wYWdlIiwic2V0dGluZ3MiOnsicG9zdF9pZCI6IjMyNCIsImVuYWJsZV9odG1sIjoib2ZmIn19@&#8221; global_colors_info=&#8221;{}&#8221;][\/dmpro_carousel_child][\/dmpro_carousel][\/et_pb_column][\/et_pb_row][\/et_pb_section]<\/p>\n","protected":false},"excerpt":{"rendered":"<p>TIMETO BELiterature Hotel Wedina About usThe Literaturhotel Wedina is located in the middle of Hamburg&#8217;s nightlife district St. Georg, only a short distance from the most important cultural institutions and only 10 minutes from the Literaturhaus Hamburg. The passion for literature is reflected in everything we do &amp; our arrangements. Beyond the enjoyment of art, [&hellip;]<\/p>\n","protected":false},"author":1,"featured_media":0,"parent":2134,"menu_order":0,"comment_status":"closed","ping_status":"closed","template":"","meta":{"_et_pb_use_builder":"on","_et_pb_old_content":"","_et_gb_content_width":"","footnotes":""},"class_list":["post-2138","page","type-page","status-publish","hentry"],"_links":{"self":[{"href":"https:\/\/www.hotelwedina.de\/en\/wp-json\/wp\/v2\/pages\/2138","targetHints":{"allow":["GET"]}}],"collection":[{"href":"https:\/\/www.hotelwedina.de\/en\/wp-json\/wp\/v2\/pages"}],"about":[{"href":"https:\/\/www.hotelwedina.de\/en\/wp-json\/wp\/v2\/types\/page"}],"author":[{"embeddable":true,"href":"https:\/\/www.hotelwedina.de\/en\/wp-json\/wp\/v2\/users\/1"}],"replies":[{"embeddable":true,"href":"https:\/\/www.hotelwedina.de\/en\/wp-json\/wp\/v2\/comments?post=2138"}],"version-history":[{"count":3,"href":"https:\/\/www.hotelwedina.de\/en\/wp-json\/wp\/v2\/pages\/2138\/revisions"}],"predecessor-version":[{"id":4051,"href":"https:\/\/www.hotelwedina.de\/en\/wp-json\/wp\/v2\/pages\/2138\/revisions\/4051"}],"up":[{"embeddable":true,"href":"https:\/\/www.hotelwedina.de\/en\/wp-json\/wp\/v2\/pages\/2134"}],"wp:attachment":[{"href":"https:\/\/www.hotelwedina.de\/en\/wp-json\/wp\/v2\/media?parent=2138"}],"curies":[{"name":"wp","href":"https:\/\/api.w.org\/{rel}","templated":true}]}}